{"id":851,"date":"2025-05-21T15:58:24","date_gmt":"2025-05-21T13:58:24","guid":{"rendered":"https:\/\/lionex.ma\/?page_id=851"},"modified":"2025-05-21T16:06:58","modified_gmt":"2025-05-21T14:06:58","slug":"tarifs-de-livraison-lionex","status":"publish","type":"page","link":"https:\/\/lionex.ma\/?page_id=851","title":{"rendered":""},"content":{"rendered":"\t\t<div data-elementor-type=\"wp-page\" data-elementor-id=\"851\" class=\"elementor elementor-851\" data-elementor-settings=\"{&quot;element_pack_global_tooltip_width&quot;:{&quot;unit&quot;:&quot;px&quot;,&quot;size&quot;:&quot;&quot;,&quot;sizes&quot;:[]},&quot;element_pack_global_tooltip_width_tablet&quot;:{&quot;unit&quot;:&quot;px&quot;,&quot;size&quot;:&quot;&quot;,&quot;sizes&quot;:[]},&quot;element_pack_global_tooltip_width_mobile&quot;:{&quot;unit&quot;:&quot;px&quot;,&quot;size&quot;:&quot;&quot;,&quot;sizes&quot;:[]},&quot;element_pack_global_tooltip_padding&quot;:{&quot;unit&quot;:&quot;px&quot;,&quot;top&quot;:&quot;&quot;,&quot;right&quot;:&quot;&quot;,&quot;bottom&quot;:&quot;&quot;,&quot;left&quot;:&quot;&quot;,&quot;isLinked&quot;:true},&quot;element_pack_global_tooltip_padding_tablet&quot;:{&quot;unit&quot;:&quot;px&quot;,&quot;top&quot;:&quot;&quot;,&quot;right&quot;:&quot;&quot;,&quot;bottom&quot;:&quot;&quot;,&quot;left&quot;:&quot;&quot;,&quot;isLinked&quot;:true},&quot;element_pack_global_tooltip_padding_mobile&quot;:{&quot;unit&quot;:&quot;px&quot;,&quot;top&quot;:&quot;&quot;,&quot;right&quot;:&quot;&quot;,&quot;bottom&quot;:&quot;&quot;,&quot;left&quot;:&quot;&quot;,&quot;isLinked&quot;:true},&quot;element_pack_global_tooltip_border_radius&quot;:{&quot;unit&quot;:&quot;px&quot;,&quot;top&quot;:&quot;&quot;,&quot;right&quot;:&quot;&quot;,&quot;bottom&quot;:&quot;&quot;,&quot;left&quot;:&quot;&quot;,&quot;isLinked&quot;:true},&quot;element_pack_global_tooltip_border_radius_tablet&quot;:{&quot;unit&quot;:&quot;px&quot;,&quot;top&quot;:&quot;&quot;,&quot;right&quot;:&quot;&quot;,&quot;bottom&quot;:&quot;&quot;,&quot;left&quot;:&quot;&quot;,&quot;isLinked&quot;:true},&quot;element_pack_global_tooltip_border_radius_mobile&quot;:{&quot;unit&quot;:&quot;px&quot;,&quot;top&quot;:&quot;&quot;,&quot;right&quot;:&quot;&quot;,&quot;bottom&quot;:&quot;&quot;,&quot;left&quot;:&quot;&quot;,&quot;isLinked&quot;:true}}\" data-elementor-post-type=\"page\">\n\t\t\t\t<div class=\"elementor-element elementor-element-ced179b e-flex e-con-boxed wpr-particle-no wpr-jarallax-no wpr-parallax-no wpr-sticky-section-no e-con e-parent\" data-id=\"ced179b\" data-element_type=\"container\">\n\t\t\t\t\t<div class=\"e-con-inner\">\n\t\t\t\t<div class=\"elementor-element elementor-element-93dbe20 elementor-widget elementor-widget-html\" data-id=\"93dbe20\" data-element_type=\"widget\" data-settings=\"{&quot;ekit_we_effect_on&quot;:&quot;none&quot;}\" data-widget_type=\"html.default\">\n\t\t\t\t<div class=\"elementor-widget-container\">\n\t\t\t\t\t<iframe src=\"https:\/\/lionex.ma\/tarifsdelivraisonsaumaroc.php\" width=\"100%\"height=\"750px\"><\/iframe>\t\t\t\t<\/div>\n\t\t\t\t<\/div>\n\t\t\t\t\t<\/div>\n\t\t\t\t<\/div>\n\t\t\t\t<\/div>\n\t\t","protected":false},"excerpt":{"rendered":"","protected":false},"author":1,"featured_media":0,"parent":0,"menu_order":0,"comment_status":"closed","ping_status":"closed","template":"","meta":{"footnotes":""},"class_list":["post-851","page","type-page","status-publish","hentry"],"yoast_head":"<!-- This site is optimized with the Yoast SEO plugin v24.9 - https:\/\/yoast.com\/wordpress\/plugins\/seo\/ -->\n<title>- Lionex - Livraison Express au Maroc<\/title>\n<meta name=\"description\" content=\"LIONEX vous offre une exp\u00e9rience d\u2019exp\u00e9dition haut de gamme, con\u00e7ue pour r\u00e9pondre aux exigences de votre e-commerce\" \/>\n<meta name=\"robots\" content=\"index, follow, max-snippet:-1, max-image-preview:large, max-video-preview:-1\" \/>\n<link rel=\"canonical\" href=\"https:\/\/lionex.ma\/?page_id=851\" \/>\n<meta property=\"og:locale\" content=\"fr_FR\" \/>\n<meta property=\"og:type\" content=\"article\" \/>\n<meta property=\"og:title\" content=\"- Lionex - Livraison Express au Maroc\" \/>\n<meta property=\"og:description\" content=\"LIONEX vous offre une exp\u00e9rience d\u2019exp\u00e9dition haut de gamme, con\u00e7ue pour r\u00e9pondre aux exigences de votre e-commerce\" \/>\n<meta property=\"og:url\" content=\"https:\/\/lionex.ma\/?page_id=851\" \/>\n<meta property=\"og:site_name\" content=\"Lionex - Livraison Express au Maroc\" \/>\n<meta property=\"article:modified_time\" content=\"2025-05-21T14:06:58+00:00\" \/>\n<meta property=\"og:image\" content=\"https:\/\/lionex.ma\/wp-content\/uploads\/2025\/04\/LogoLionex.jpeg\" \/>\n\t<meta property=\"og:image:width\" content=\"1200\" \/>\n\t<meta property=\"og:image:height\" content=\"260\" \/>\n\t<meta property=\"og:image:type\" content=\"image\/jpeg\" \/>\n<meta name=\"twitter:card\" content=\"summary_large_image\" \/>\n<script type=\"application\/ld+json\" class=\"yoast-schema-graph\">{\"@context\":\"https:\/\/schema.org\",\"@graph\":[{\"@type\":\"WebPage\",\"@id\":\"https:\/\/lionex.ma\/?page_id=851\",\"url\":\"https:\/\/lionex.ma\/?page_id=851\",\"name\":\"- Lionex - Livraison Express au Maroc\",\"isPartOf\":{\"@id\":\"https:\/\/lionex.ma\/#website\"},\"datePublished\":\"2025-05-21T13:58:24+00:00\",\"dateModified\":\"2025-05-21T14:06:58+00:00\",\"description\":\"LIONEX vous offre une exp\u00e9rience d\u2019exp\u00e9dition haut de gamme, con\u00e7ue pour r\u00e9pondre aux exigences de votre e-commerce\",\"inLanguage\":\"fr-FR\",\"potentialAction\":[{\"@type\":\"ReadAction\",\"target\":[\"https:\/\/lionex.ma\/?page_id=851\"]}]},{\"@type\":\"WebSite\",\"@id\":\"https:\/\/lionex.ma\/#website\",\"url\":\"https:\/\/lionex.ma\/\",\"name\":\"Lionex - Livraison Express au Maroc\",\"description\":\"\",\"publisher\":{\"@id\":\"https:\/\/lionex.ma\/#organization\"},\"alternateName\":\"LIONEX vous offre une exp\u00e9rience d\u2019exp\u00e9dition haut de gamme, con\u00e7ue pour r\u00e9pondre aux exigences de votre e-commerce\",\"potentialAction\":[{\"@type\":\"SearchAction\",\"target\":{\"@type\":\"EntryPoint\",\"urlTemplate\":\"https:\/\/lionex.ma\/?s={search_term_string}\"},\"query-input\":{\"@type\":\"PropertyValueSpecification\",\"valueRequired\":true,\"valueName\":\"search_term_string\"}}],\"inLanguage\":\"fr-FR\"},{\"@type\":\"Organization\",\"@id\":\"https:\/\/lionex.ma\/#organization\",\"name\":\"Lionex - Livraison Express au Maroc\",\"alternateName\":\"LIONEX vous offre une exp\u00e9rience d\u2019exp\u00e9dition haut de gamme, con\u00e7ue pour r\u00e9pondre aux exigences de votre e-commerce\",\"url\":\"https:\/\/lionex.ma\/\",\"logo\":{\"@type\":\"ImageObject\",\"inLanguage\":\"fr-FR\",\"@id\":\"https:\/\/lionex.ma\/#\/schema\/logo\/image\/\",\"url\":\"https:\/\/lionex.ma\/wp-content\/uploads\/2025\/04\/LogoLionex.jpeg\",\"contentUrl\":\"https:\/\/lionex.ma\/wp-content\/uploads\/2025\/04\/LogoLionex.jpeg\",\"width\":1200,\"height\":260,\"caption\":\"Lionex - Livraison Express au Maroc\"},\"image\":{\"@id\":\"https:\/\/lionex.ma\/#\/schema\/logo\/image\/\"},\"sameAs\":[\"https:\/\/www.instagram.com\/lionex.ma\"]}]}<\/script>\n<!-- \/ Yoast SEO plugin. -->","yoast_head_json":{"title":"- Lionex - Livraison Express au Maroc","description":"LIONEX vous offre une exp\u00e9rience d\u2019exp\u00e9dition haut de gamme, con\u00e7ue pour r\u00e9pondre aux exigences de votre e-commerce","robots":{"index":"index","follow":"follow","max-snippet":"max-snippet:-1","max-image-preview":"max-image-preview:large","max-video-preview":"max-video-preview:-1"},"canonical":"https:\/\/lionex.ma\/?page_id=851","og_locale":"fr_FR","og_type":"article","og_title":"- Lionex - Livraison Express au Maroc","og_description":"LIONEX vous offre une exp\u00e9rience d\u2019exp\u00e9dition haut de gamme, con\u00e7ue pour r\u00e9pondre aux exigences de votre e-commerce","og_url":"https:\/\/lionex.ma\/?page_id=851","og_site_name":"Lionex - Livraison Express au Maroc","article_modified_time":"2025-05-21T14:06:58+00:00","og_image":[{"width":1200,"height":260,"url":"https:\/\/lionex.ma\/wp-content\/uploads\/2025\/04\/LogoLionex.jpeg","type":"image\/jpeg"}],"twitter_card":"summary_large_image","schema":{"@context":"https:\/\/schema.org","@graph":[{"@type":"WebPage","@id":"https:\/\/lionex.ma\/?page_id=851","url":"https:\/\/lionex.ma\/?page_id=851","name":"- Lionex - Livraison Express au Maroc","isPartOf":{"@id":"https:\/\/lionex.ma\/#website"},"datePublished":"2025-05-21T13:58:24+00:00","dateModified":"2025-05-21T14:06:58+00:00","description":"LIONEX vous offre une exp\u00e9rience d\u2019exp\u00e9dition haut de gamme, con\u00e7ue pour r\u00e9pondre aux exigences de votre e-commerce","inLanguage":"fr-FR","potentialAction":[{"@type":"ReadAction","target":["https:\/\/lionex.ma\/?page_id=851"]}]},{"@type":"WebSite","@id":"https:\/\/lionex.ma\/#website","url":"https:\/\/lionex.ma\/","name":"Lionex - Livraison Express au Maroc","description":"","publisher":{"@id":"https:\/\/lionex.ma\/#organization"},"alternateName":"LIONEX vous offre une exp\u00e9rience d\u2019exp\u00e9dition haut de gamme, con\u00e7ue pour r\u00e9pondre aux exigences de votre e-commerce","potentialAction":[{"@type":"SearchAction","target":{"@type":"EntryPoint","urlTemplate":"https:\/\/lionex.ma\/?s={search_term_string}"},"query-input":{"@type":"PropertyValueSpecification","valueRequired":true,"valueName":"search_term_string"}}],"inLanguage":"fr-FR"},{"@type":"Organization","@id":"https:\/\/lionex.ma\/#organization","name":"Lionex - Livraison Express au Maroc","alternateName":"LIONEX vous offre une exp\u00e9rience d\u2019exp\u00e9dition haut de gamme, con\u00e7ue pour r\u00e9pondre aux exigences de votre e-commerce","url":"https:\/\/lionex.ma\/","logo":{"@type":"ImageObject","inLanguage":"fr-FR","@id":"https:\/\/lionex.ma\/#\/schema\/logo\/image\/","url":"https:\/\/lionex.ma\/wp-content\/uploads\/2025\/04\/LogoLionex.jpeg","contentUrl":"https:\/\/lionex.ma\/wp-content\/uploads\/2025\/04\/LogoLionex.jpeg","width":1200,"height":260,"caption":"Lionex - Livraison Express au Maroc"},"image":{"@id":"https:\/\/lionex.ma\/#\/schema\/logo\/image\/"},"sameAs":["https:\/\/www.instagram.com\/lionex.ma"]}]}},"acf":[],"_links":{"self":[{"href":"https:\/\/lionex.ma\/index.php?rest_route=\/wp\/v2\/pages\/851","targetHints":{"allow":["GET"]}}],"collection":[{"href":"https:\/\/lionex.ma\/index.php?rest_route=\/wp\/v2\/pages"}],"about":[{"href":"https:\/\/lionex.ma\/index.php?rest_route=\/wp\/v2\/types\/page"}],"author":[{"embeddable":true,"href":"https:\/\/lionex.ma\/index.php?rest_route=\/wp\/v2\/users\/1"}],"replies":[{"embeddable":true,"href":"https:\/\/lionex.ma\/index.php?rest_route=%2Fwp%2Fv2%2Fcomments&post=851"}],"version-history":[{"count":8,"href":"https:\/\/lionex.ma\/index.php?rest_route=\/wp\/v2\/pages\/851\/revisions"}],"predecessor-version":[{"id":859,"href":"https:\/\/lionex.ma\/index.php?rest_route=\/wp\/v2\/pages\/851\/revisions\/859"}],"wp:attachment":[{"href":"https:\/\/lionex.ma\/index.php?rest_route=%2Fwp%2Fv2%2Fmedia&parent=851"}],"curies":[{"name":"wp","href":"https:\/\/api.w.org\/{rel}","templated":true}]}}